{"id":154,"date":"2023-05-21T22:20:17","date_gmt":"2023-05-21T22:20:17","guid":{"rendered":"https:\/\/cetei.com.ar\/?page_id=154"},"modified":"2024-01-15T13:15:39","modified_gmt":"2024-01-15T16:15:39","slug":"nosotros","status":"publish","type":"page","link":"https:\/\/cetei.com.ar\/?page_id=154","title":{"rendered":"Nosotros"},"content":{"rendered":"\n<p>Nuestra propuesta institucional  de Centro de D\u00eda est\u00e1 orientada al despliegue de un programa preventivo y terap\u00e9utico para personas adolescentes y adultas en situaci\u00f3n discapacitante que demanden un proceso din\u00e1mico de tratamiento. <\/p>\n\n\n\n<p class=\"has-text-align-left\"><\/p>\n","protected":false},"excerpt":{"rendered":"<p>Nuestra propuesta institucional de Centro de D\u00eda est\u00e1 orientada al despliegue de un programa preventivo y terap\u00e9utico para personas adolescentes y adultas en situaci\u00f3n discapacitante que demanden un proceso din\u00e1mico de tratamiento.<\/p>\n","protected":false},"author":1,"featured_media":0,"parent":0,"menu_order":0,"comment_status":"closed","ping_status":"closed","template":"","meta":{"footnotes":""},"class_list":["post-154","page","type-page","status-publish","hentry"],"_links":{"self":[{"href":"https:\/\/cetei.com.ar\/index.php?rest_route=\/wp\/v2\/pages\/154","targetHints":{"allow":["GET"]}}],"collection":[{"href":"https:\/\/cetei.com.ar\/index.php?rest_route=\/wp\/v2\/pages"}],"about":[{"href":"https:\/\/cetei.com.ar\/index.php?rest_route=\/wp\/v2\/types\/page"}],"author":[{"embeddable":true,"href":"https:\/\/cetei.com.ar\/index.php?rest_route=\/wp\/v2\/users\/1"}],"replies":[{"embeddable":true,"href":"https:\/\/cetei.com.ar\/index.php?rest_route=%2Fwp%2Fv2%2Fcomments&post=154"}],"version-history":[{"count":9,"href":"https:\/\/cetei.com.ar\/index.php?rest_route=\/wp\/v2\/pages\/154\/revisions"}],"predecessor-version":[{"id":504,"href":"https:\/\/cetei.com.ar\/index.php?rest_route=\/wp\/v2\/pages\/154\/revisions\/504"}],"wp:attachment":[{"href":"https:\/\/cetei.com.ar\/index.php?rest_route=%2Fwp%2Fv2%2Fmedia&parent=154"}],"curies":[{"name":"wp","href":"https:\/\/api.w.org\/{rel}","templated":true}]}}