{"id":164,"date":"2023-05-21T22:27:32","date_gmt":"2023-05-21T22:27:32","guid":{"rendered":"https:\/\/cetei.com.ar\/?page_id=164"},"modified":"2023-05-23T20:34:09","modified_gmt":"2023-05-23T23:34:09","slug":"actividades","status":"publish","type":"page","link":"https:\/\/cetei.com.ar\/?page_id=164","title":{"rendered":"Actividades"},"content":{"rendered":"\n<p>Las diferentes actividades a desarrollar se orientan a brindar un marco de estimulaci\u00f3n y<br>despliegue centrado espec\u00edficamente en las posibilidades y necesidades que caractericen la singularidad de cada concurrente. Para ello, el equipo profesional y t\u00e9cnico de CETEI<br>desarrolla un esquema general de tratamiento basado en pr\u00e1cticas diferenciadas \u2013aunque<br>organizadas respecto de un eje central, como lo es el programa terap\u00e9utico definido para la<br>atenci\u00f3n de cada concurrente. <\/p>\n\n\n\n<figure class=\"wp-block-image size-large\"><img loading=\"lazy\" decoding=\"async\" width=\"1024\" height=\"576\" src=\"https:\/\/cetei.com.ar\/wp-content\/uploads\/2023\/05\/PhotoCollage_20230127_120634094-1024x576.jpg\" alt=\"\" class=\"wp-image-52\" srcset=\"https:\/\/cetei.com.ar\/wp-content\/uploads\/2023\/05\/PhotoCollage_20230127_120634094-1024x576.jpg 1024w, https:\/\/cetei.com.ar\/wp-content\/uploads\/2023\/05\/PhotoCollage_20230127_120634094-300x169.jpg 300w, https:\/\/cetei.com.ar\/wp-content\/uploads\/2023\/05\/PhotoCollage_20230127_120634094-768x432.jpg 768w, https:\/\/cetei.com.ar\/wp-content\/uploads\/2023\/05\/PhotoCollage_20230127_120634094-1536x863.jpg 1536w, https:\/\/cetei.com.ar\/wp-content\/uploads\/2023\/05\/PhotoCollage_20230127_120634094-2048x1151.jpg 2048w\" sizes=\"auto, (max-width: 767px) 89vw, (max-width: 1000px) 54vw, (max-width: 1071px) 543px, 580px\" \/><\/figure>\n\n\n\n<p>De este modo, las pr\u00e1cticas implementadas contemplan las siguientes estrategias de atenci\u00f3n:<\/p>\n\n\n\n<p>Abordaje psicoterap\u00e9utico (individual y\/o grupal);<br>Abordaje musicoterap\u00e9utico (individual y\/o grupal);<br>Actividades preocupacionales (Talleres de Pl\u00e1stica y Creatividad, de Teatro, de Acci\u00f3n<br>Comunitaria);<br>Atenci\u00f3n y abordaje en Terapia Ocupacional (individual y\/o grupal);<br>Actividades de promoci\u00f3n y consolidaci\u00f3n de h\u00e1bitos de la vida diaria; <\/p>\n\n\n\n<p>Espacios de participaci\u00f3n y construcci\u00f3n colectiva (talleres tem\u00e1ticos, asambleas, etc.);<br>Espacios de estimulaci\u00f3n del pensamiento, el lenguaje y la comunicaci\u00f3n;<br>Actividades deportivas y de estimulaci\u00f3n motriz;<br>Actividades recreativas y de socializaci\u00f3n en la comunidad (paseos, salidas, participaci\u00f3n<br>en eventos, realizaci\u00f3n de proyectos comunitarios);<br>Control y seguimiento m\u00e9dico peri\u00f3dico;<br>Orientaci\u00f3n y supervisi\u00f3n nutricional;<br>Asistencia familiar (asesoramiento individual, grupos de reflexi\u00f3n con padres y familiares,<br>talleres).<\/p>\n","protected":false},"excerpt":{"rendered":"<p>Las diferentes actividades a desarrollar se orientan a brindar un marco de estimulaci\u00f3n ydespliegue centrado espec\u00edficamente en las posibilidades y necesidades que caractericen la singularidad de cada concurrente. Para ello, el equipo profesional y t\u00e9cnico de CETEIdesarrolla un esquema general de tratamiento basado en pr\u00e1cticas diferenciadas \u2013aunqueorganizadas respecto de un eje central, como lo es &hellip; <\/p>\n<p class=\"link-more\"><a href=\"https:\/\/cetei.com.ar\/?page_id=164\" class=\"more-link\">Continuar leyendo<span class=\"screen-reader-text\"> \u00abActividades\u00bb<\/span><\/a><\/p>\n","protected":false},"author":1,"featured_media":0,"parent":0,"menu_order":0,"comment_status":"closed","ping_status":"closed","template":"","meta":{"footnotes":""},"class_list":["post-164","page","type-page","status-publish","hentry"],"_links":{"self":[{"href":"https:\/\/cetei.com.ar\/index.php?rest_route=\/wp\/v2\/pages\/164","targetHints":{"allow":["GET"]}}],"collection":[{"href":"https:\/\/cetei.com.ar\/index.php?rest_route=\/wp\/v2\/pages"}],"about":[{"href":"https:\/\/cetei.com.ar\/index.php?rest_route=\/wp\/v2\/types\/page"}],"author":[{"embeddable":true,"href":"https:\/\/cetei.com.ar\/index.php?rest_route=\/wp\/v2\/users\/1"}],"replies":[{"embeddable":true,"href":"https:\/\/cetei.com.ar\/index.php?rest_route=%2Fwp%2Fv2%2Fcomments&post=164"}],"version-history":[{"count":10,"href":"https:\/\/cetei.com.ar\/index.php?rest_route=\/wp\/v2\/pages\/164\/revisions"}],"predecessor-version":[{"id":414,"href":"https:\/\/cetei.com.ar\/index.php?rest_route=\/wp\/v2\/pages\/164\/revisions\/414"}],"wp:attachment":[{"href":"https:\/\/cetei.com.ar\/index.php?rest_route=%2Fwp%2Fv2%2Fmedia&parent=164"}],"curies":[{"name":"wp","href":"https:\/\/api.w.org\/{rel}","templated":true}]}}