{"id":174,"date":"2023-05-21T23:08:20","date_gmt":"2023-05-21T23:08:20","guid":{"rendered":"https:\/\/cetei.com.ar\/?page_id=174"},"modified":"2025-02-28T13:50:35","modified_gmt":"2025-02-28T16:50:35","slug":"eventos","status":"publish","type":"page","link":"https:\/\/cetei.com.ar\/?page_id=174","title":{"rendered":"Eventos"},"content":{"rendered":"\n<p><strong>Concurso Nacional de Cuentos Cortos<\/strong> realizados por personas con discapacidad (2002-2003 y 2004)- Convocatoria nacional organizada por CeTei, donde un jurado de escritores seleccionaba los premiados y las obras participantes fueron impresas y encuadernadas de manera artesanal por los concurrentes del Centro de D\u00eda. <\/p>\n\n\n\n<p><strong>Concurso de Manchas<\/strong>:  Este evento es impronta en Cetei promoviendo el arte y la socializaci\u00f3n desde una jornada de arte interinstitucional, que se realiza en espacios p\u00fablicos a modo de poder visibilizar la discapacidad desde sus recursos y habilidades.  Ha acompa\u00f1ado el recorrido institucional desde el a\u00f1o 2002 hasta el corriente a\u00f1o, llevando desde entonces 15 ediciones. (2002- I Conc de Manchas, en Museo La C\u00e1rcova; 2003) II Conc de Manchas en el Jard\u00edn Bot\u00e1nico; 2004) III Conc de Manchas, en Jard\u00edn Japon\u00e9s; 2005) IV Conc de Manchas, en Museo S\u00edvori; 2006) V Conc de Manchas en Costanera Sur (Fuente de las Nereidas); 2007) VI Conc de Manchas, en Museo Adan Bs As (Pque Chacabuco); 2008) VII Conc de Manchas, en Jard\u00edn Zool\u00f3gico de Bs As; 2009) VIII Conc de Manchas, en Pque Centenario; 2010) IX Conc de Manchas, en ZOO de Bs As; 2011) Conc de Manchas, en Museo S\u00edvori (Palermo); 2013 Conc de Manchas, en Parque Centenario; 2015) XII Conc de Manchas, en Pque Centenario; 2017) XIII Conc de Manchas, en  Pque Centenario; 2019) Fecha suspendida por protocolos Covid en pandemia; 2023) XIV Conc de Manchas, en Pque Centenario; 2024) XV Conc de Manchas, Pque Centenario. <\/p>\n\n\n\n<div class=\"wp-block-columns is-layout-flex wp-container-core-columns-is-layout-9d6595d7 wp-block-columns-is-layout-flex\">\n<div class=\"wp-block-column is-layout-flow wp-block-column-is-layout-flow\">\n<figure class=\"wp-block-image size-full is-resized\"><img loading=\"lazy\" decoding=\"async\" src=\"https:\/\/cetei.com.ar\/wp-content\/uploads\/2023\/05\/descarga-2.jpg\" alt=\"\" class=\"wp-image-451\" width=\"322\" height=\"241\"\/><\/figure>\n<\/div>\n\n\n\n<div class=\"wp-block-column is-layout-flow wp-block-column-is-layout-flow\">\n<figure class=\"wp-block-image size-full is-resized\"><img loading=\"lazy\" decoding=\"async\" src=\"https:\/\/cetei.com.ar\/wp-content\/uploads\/2023\/05\/images.jpg\" alt=\"\" class=\"wp-image-450\" width=\"244\" height=\"244\" srcset=\"https:\/\/cetei.com.ar\/wp-content\/uploads\/2023\/05\/images.jpg 225w, https:\/\/cetei.com.ar\/wp-content\/uploads\/2023\/05\/images-150x150.jpg 150w, https:\/\/cetei.com.ar\/wp-content\/uploads\/2023\/05\/images-100x100.jpg 100w\" sizes=\"auto, (max-width: 244px) 100vw, 244px\" \/><\/figure>\n<\/div>\n<\/div>\n\n\n\n<p><a rel=\"noreferrer noopener\" href=\"https:\/\/festivalcetei.wixsite.com\/cine-tiquet-ar\" data-type=\"URL\" data-id=\"https:\/\/festivalcetei.wixsite.com\/cine-tiquet-ar\" target=\"_blank\"><strong>Cinetiquetar: Festival Nacional de Cortos Audiovisuales realizados por personas con discapacidad.<\/strong> <\/a> Este festival organizado por CeTei y auspiciado por el INCAA. Tuvo tres ediciones: (<a href=\"https:\/\/festivalcetei.wixsite.com\/cine-tiquet-ar\/1er-festival-\" data-type=\"URL\" data-id=\"https:\/\/festivalcetei.wixsite.com\/cine-tiquet-ar\/1er-festival-\" target=\"_blank\" rel=\"noreferrer noopener\">2012<\/a>, <a href=\"https:\/\/festivalcetei.wixsite.com\/cine-tiquet-ar\/toma-ii\" data-type=\"URL\" data-id=\"https:\/\/festivalcetei.wixsite.com\/cine-tiquet-ar\/toma-ii\" target=\"_blank\" rel=\"noreferrer noopener\">2014<\/a> y <a href=\"https:\/\/festivalcetei.wixsite.com\/cine-tiquet-ar\/toma3\" data-type=\"URL\" data-id=\"https:\/\/festivalcetei.wixsite.com\/cine-tiquet-ar\/toma3\" target=\"_blank\" rel=\"noreferrer noopener\">2017<\/a>). En esta propuesta se convoca a personas con discapacidad de todo el pa\u00eds, a presentar sus cortos audiovisuales de tem\u00e1tica libre. Los mismos fueron seleccionados por un jurado especialista en artes visuales y difundidos en el Cine Gaumont Espacio Incaa Km 0; y en el Teatro Leopoldo Marechal en Ramos Mej\u00eda.<\/p>\n\n\n\n<p><\/p>\n\n\n\n<p><strong><a href=\"https:\/\/www.instagram.com\/reel\/Cwr_975OvhJ\/?igsh=MTQ1ZHNmcHVkcmZpbw%3D%3D\">Exposici\u00f3n Narrativas emergentes<\/a><\/strong>: En UOCRA Cultura. Septiembre, 2023. Exposici\u00f3n de obras de concurrentes del Centro de D\u00eda Cetei. Duraci\u00f3n mensual. Con actividades semanales programadas de visitas guiadas por les artistas, con actividades compartidas con otras instituciones e invitados varios. <\/p>\n\n\n\n<figure class=\"wp-block-image size-large is-resized\"><img loading=\"lazy\" decoding=\"async\" src=\"https:\/\/cetei.com.ar\/wp-content\/uploads\/2024\/09\/WhatsApp-Image-2024-09-02-at-11.25.47-1022x1024.jpeg\" alt=\"\" class=\"wp-image-529\" width=\"166\" height=\"166\" srcset=\"https:\/\/cetei.com.ar\/wp-content\/uploads\/2024\/09\/WhatsApp-Image-2024-09-02-at-11.25.47-1022x1024.jpeg 1022w, https:\/\/cetei.com.ar\/wp-content\/uploads\/2024\/09\/WhatsApp-Image-2024-09-02-at-11.25.47-300x300.jpeg 300w, https:\/\/cetei.com.ar\/wp-content\/uploads\/2024\/09\/WhatsApp-Image-2024-09-02-at-11.25.47-150x150.jpeg 150w, https:\/\/cetei.com.ar\/wp-content\/uploads\/2024\/09\/WhatsApp-Image-2024-09-02-at-11.25.47-768x769.jpeg 768w, https:\/\/cetei.com.ar\/wp-content\/uploads\/2024\/09\/WhatsApp-Image-2024-09-02-at-11.25.47-100x100.jpeg 100w, https:\/\/cetei.com.ar\/wp-content\/uploads\/2024\/09\/WhatsApp-Image-2024-09-02-at-11.25.47.jpeg 1080w\" sizes=\"auto, (max-width: 166px) 100vw, 166px\" \/><\/figure>\n\n\n\n<p><\/p>\n\n\n\n<p><strong><a href=\"https:\/\/www.instagram.com\/reel\/C8zEY5KprBj\/?igsh=cmR3amUxejJ2eDNn\">Muestra de Arte<\/a><\/strong>:  La casa de al lado. Fundaci\u00f3n Mar\u00eda Candela Gonz\u00e1lez Gomez Mas\u00eda. Caballito. CABA. Julio, 2024.   Muestra de los concurrentes: Mar\u00eda Jos\u00e9 Ghiso, Federico Manganelli, Carlos Cibeira, Marina Torres Mora y Ernesto Novelle. <\/p>\n\n\n\n<figure class=\"wp-block-image size-large is-resized\"><img loading=\"lazy\" decoding=\"async\" src=\"https:\/\/cetei.com.ar\/wp-content\/uploads\/2024\/09\/WhatsApp-Image-2024-09-02-at-11.29.56-832x1024.jpeg\" alt=\"\" class=\"wp-image-531\" width=\"172\" height=\"211\" srcset=\"https:\/\/cetei.com.ar\/wp-content\/uploads\/2024\/09\/WhatsApp-Image-2024-09-02-at-11.29.56-832x1024.jpeg 832w, https:\/\/cetei.com.ar\/wp-content\/uploads\/2024\/09\/WhatsApp-Image-2024-09-02-at-11.29.56-244x300.jpeg 244w, https:\/\/cetei.com.ar\/wp-content\/uploads\/2024\/09\/WhatsApp-Image-2024-09-02-at-11.29.56-768x946.jpeg 768w, https:\/\/cetei.com.ar\/wp-content\/uploads\/2024\/09\/WhatsApp-Image-2024-09-02-at-11.29.56.jpeg 1080w\" sizes=\"auto, (max-width: 172px) 100vw, 172px\" \/><\/figure>\n","protected":false},"excerpt":{"rendered":"<p>Concurso Nacional de Cuentos Cortos realizados por personas con discapacidad (2002-2003 y 2004)- Convocatoria nacional organizada por CeTei, donde un jurado de escritores seleccionaba los premiados y las obras participantes fueron impresas y encuadernadas de manera artesanal por los concurrentes del Centro de D\u00eda. Concurso de Manchas: Este evento es impronta en Cetei promoviendo el &hellip; <\/p>\n<p class=\"link-more\"><a href=\"https:\/\/cetei.com.ar\/?page_id=174\" class=\"more-link\">Continuar leyendo<span class=\"screen-reader-text\"> \u00abEventos\u00bb<\/span><\/a><\/p>\n","protected":false},"author":1,"featured_media":0,"parent":0,"menu_order":0,"comment_status":"closed","ping_status":"closed","template":"","meta":{"footnotes":""},"class_list":["post-174","page","type-page","status-publish","hentry"],"_links":{"self":[{"href":"https:\/\/cetei.com.ar\/index.php?rest_route=\/wp\/v2\/pages\/174","targetHints":{"allow":["GET"]}}],"collection":[{"href":"https:\/\/cetei.com.ar\/index.php?rest_route=\/wp\/v2\/pages"}],"about":[{"href":"https:\/\/cetei.com.ar\/index.php?rest_route=\/wp\/v2\/types\/page"}],"author":[{"embeddable":true,"href":"https:\/\/cetei.com.ar\/index.php?rest_route=\/wp\/v2\/users\/1"}],"replies":[{"embeddable":true,"href":"https:\/\/cetei.com.ar\/index.php?rest_route=%2Fwp%2Fv2%2Fcomments&post=174"}],"version-history":[{"count":5,"href":"https:\/\/cetei.com.ar\/index.php?rest_route=\/wp\/v2\/pages\/174\/revisions"}],"predecessor-version":[{"id":534,"href":"https:\/\/cetei.com.ar\/index.php?rest_route=\/wp\/v2\/pages\/174\/revisions\/534"}],"wp:attachment":[{"href":"https:\/\/cetei.com.ar\/index.php?rest_route=%2Fwp%2Fv2%2Fmedia&parent=174"}],"curies":[{"name":"wp","href":"https:\/\/api.w.org\/{rel}","templated":true}]}}