{"id":176,"date":"2023-05-21T23:08:21","date_gmt":"2023-05-21T23:08:21","guid":{"rendered":"https:\/\/cetei.com.ar\/?page_id=176"},"modified":"2023-05-29T11:21:49","modified_gmt":"2023-05-29T14:21:49","slug":"publicaciones","status":"publish","type":"page","link":"https:\/\/cetei.com.ar\/?page_id=176","title":{"rendered":"Publicaciones"},"content":{"rendered":"\n<p>Recomendamos la lectura del libro <a rel=\"noreferrer noopener\" href=\"https:\/\/lugareditorial.com.ar\/producto\/discapacidad-mental\/\" data-type=\"URL\" data-id=\"https:\/\/lugareditorial.com.ar\/producto\/discapacidad-mental\/\" target=\"_blank\">Discapacidad Mental. Un an\u00e1lisis del discurso psiqui\u00e1trico.<\/a> Lugar Editorial. de Ernesto Lentini (Director de CeTei).<\/p>\n\n\n\n<div class=\"wp-block-columns is-layout-flex wp-container-core-columns-is-layout-9d6595d7 wp-block-columns-is-layout-flex\">\n<div class=\"wp-block-column is-layout-flow wp-block-column-is-layout-flow\">\n<figure class=\"wp-block-image size-full\"><img loading=\"lazy\" decoding=\"async\" width=\"250\" height=\"350\" src=\"https:\/\/cetei.com.ar\/wp-content\/uploads\/2023\/05\/M-978-950-892-286-1.jpg\" alt=\"\" class=\"wp-image-483\" srcset=\"https:\/\/cetei.com.ar\/wp-content\/uploads\/2023\/05\/M-978-950-892-286-1.jpg 250w, https:\/\/cetei.com.ar\/wp-content\/uploads\/2023\/05\/M-978-950-892-286-1-214x300.jpg 214w\" sizes=\"auto, (max-width: 250px) 100vw, 250px\" \/><\/figure>\n<\/div>\n<\/div>\n\n\n\n<p>As\u00ed tambi\u00e9n trabajos escritos por integrantes del Equipo CeTei<\/p>\n\n\n\n<p><\/p>\n\n\n\n<p>Cifre Carrillo, Mar\u00eda Lorena, Lentini, Ernesto, Piccini, Paulina y Ratti, Aldana: <strong>La reconfiguraci\u00f3n del espacio institucional en el dispositivo de centro de d\u00eda.<\/strong> XII Congreso Internacional de Investigaci\u00f3n y Pr\u00e1ctica Profesional en Psicolog\u00eda. XXVII Jornadas de Investigaci\u00f3n. XVI Encuentro de Investigadores en Psicolog\u00eda del MERCOSUR. II Encuentro de Investigaci\u00f3n de Terapia Ocupacional. II Encuentro de Musicoterapia. Facultad de Psicolog\u00eda &#8211; Universidad de Buenos Aires, Buenos Aires, 2020.   (<a href=\"https:\/\/www.aacademica.org\/000-007\/14\" data-type=\"URL\" data-id=\"https:\/\/www.aacademica.org\/000-007\/14\">Descargar<\/a> pdf)<\/p>\n\n\n\n<p><\/p>\n\n\n\n<p>Cifre Carrillo, Mar\u00eda Lorena, Lentini, Ernesto, Piccini, Paulina y Ratti, Aldana. <strong>Intervenciones singularizantes en tiempos de pandemia: lecturas sobre los centros de d\u00eda para personas con discapacidad intelectual<\/strong>. XII Congreso Internacional de Investigaci\u00f3n y Pr\u00e1ctica Profesional en Psicolog\u00eda. XXVII Jornadas de Investigaci\u00f3n. XVI Encuentro de Investigadores en Psicolog\u00eda del MERCOSUR. II Encuentro de Investigaci\u00f3n de Terapia Ocupacional. II Encuentro de Musicoterapia. Facultad de Psicolog\u00eda &#8211; Universidad de Buenos Aires, Buenos Aires, 2020. (<a href=\"https:\/\/www.aacademica.org\/000-007\/15.abstract\" data-type=\"URL\" data-id=\"https:\/\/www.aacademica.org\/000-007\/15.abstract\">Descargar pdf<\/a>)<\/p>\n\n\n\n<p><\/p>\n\n\n\n<p><\/p>\n","protected":false},"excerpt":{"rendered":"<p>Recomendamos la lectura del libro Discapacidad Mental. Un an\u00e1lisis del discurso psiqui\u00e1trico. Lugar Editorial. de Ernesto Lentini (Director de CeTei). As\u00ed tambi\u00e9n trabajos escritos por integrantes del Equipo CeTei Cifre Carrillo, Mar\u00eda Lorena, Lentini, Ernesto, Piccini, Paulina y Ratti, Aldana: La reconfiguraci\u00f3n del espacio institucional en el dispositivo de centro de d\u00eda. XII Congreso Internacional &hellip; <\/p>\n<p class=\"link-more\"><a href=\"https:\/\/cetei.com.ar\/?page_id=176\" class=\"more-link\">Continuar leyendo<span class=\"screen-reader-text\"> \u00abPublicaciones\u00bb<\/span><\/a><\/p>\n","protected":false},"author":1,"featured_media":0,"parent":0,"menu_order":0,"comment_status":"closed","ping_status":"closed","template":"","meta":{"footnotes":""},"class_list":["post-176","page","type-page","status-publish","hentry"],"_links":{"self":[{"href":"https:\/\/cetei.com.ar\/index.php?rest_route=\/wp\/v2\/pages\/176","targetHints":{"allow":["GET"]}}],"collection":[{"href":"https:\/\/cetei.com.ar\/index.php?rest_route=\/wp\/v2\/pages"}],"about":[{"href":"https:\/\/cetei.com.ar\/index.php?rest_route=\/wp\/v2\/types\/page"}],"author":[{"embeddable":true,"href":"https:\/\/cetei.com.ar\/index.php?rest_route=\/wp\/v2\/users\/1"}],"replies":[{"embeddable":true,"href":"https:\/\/cetei.com.ar\/index.php?rest_route=%2Fwp%2Fv2%2Fcomments&post=176"}],"version-history":[{"count":2,"href":"https:\/\/cetei.com.ar\/index.php?rest_route=\/wp\/v2\/pages\/176\/revisions"}],"predecessor-version":[{"id":484,"href":"https:\/\/cetei.com.ar\/index.php?rest_route=\/wp\/v2\/pages\/176\/revisions\/484"}],"wp:attachment":[{"href":"https:\/\/cetei.com.ar\/index.php?rest_route=%2Fwp%2Fv2%2Fmedia&parent=176"}],"curies":[{"name":"wp","href":"https:\/\/api.w.org\/{rel}","templated":true}]}}