{"id":177,"date":"2023-05-21T23:08:21","date_gmt":"2023-05-21T23:08:21","guid":{"rendered":"https:\/\/cetei.com.ar\/?page_id=177"},"modified":"2025-02-28T13:52:27","modified_gmt":"2025-02-28T16:52:27","slug":"equipo","status":"publish","type":"page","link":"https:\/\/cetei.com.ar\/?page_id=177","title":{"rendered":"Equipo"},"content":{"rendered":"\n<p><\/p>\n\n\n\n<p class=\"has-small-font-size\">Director: Mgter. Ernesto Lentini.<\/p>\n\n\n\n<p class=\"has-small-font-size\">Vicedirectora: Lic. M. Lorena Cifre Carrillo.<\/p>\n\n\n\n<p class=\"has-small-font-size\">Control M\u00e9dico: Dra. Fiorella Malagrino.<\/p>\n\n\n\n<p class=\"has-small-font-size\">Trabajo Social: Lic Sabrina Moritto.<\/p>\n\n\n\n<p class=\"has-small-font-size\">Psicolog\u00eda: Lic. M. Lorena Cifre Carrillo.<\/p>\n\n\n\n<p class=\"has-small-font-size\">Musicoterapia: Lic. Valentina  Mart\u00ednez Bonfill<\/p>\n\n\n\n<p class=\"has-small-font-size\">Terapia Ocupacional: T.O. Jacqueline Doucet.<\/p>\n\n\n\n<p class=\"has-small-font-size\">Educ. F\u00edsica: Prof. Didier Rojas. <\/p>\n\n\n\n<p class=\"has-small-font-size\">Nutrici\u00f3n: Lic. Eugenia Sa\u00fal.<\/p>\n\n\n\n<p class=\"has-small-font-size\">Taller de Pl\u00e1stica: Prof. Jorge Argento.<\/p>\n\n\n\n<p class=\"has-small-font-size\">Taller de Teatro: Lic. Brenda Ascencio.<\/p>\n\n\n\n<p class=\"has-small-font-size\">Taller de Emprendimientos: T.O. Celia Andr\u00e9s.<\/p>\n\n\n\n<p class=\"has-small-font-size\">Auxiliares: Adri\u00e1n Veneciano y Lidia Gonz\u00e1lez.<\/p>\n\n\n\n<p class=\"has-small-font-size\">Cocinero: Alejandro Muscolino. <\/p>\n\n\n\n<p class=\"has-small-font-size\">Limpieza: Marcela Fern\u00e1ndez. <\/p>\n\n\n\n<p><\/p>\n\n\n\n<figure class=\"wp-block-image size-full\"><img loading=\"lazy\" decoding=\"async\" width=\"526\" height=\"526\" src=\"https:\/\/cetei.com.ar\/wp-content\/uploads\/2024\/01\/equipo.jpg\" alt=\"\" class=\"wp-image-498\" srcset=\"https:\/\/cetei.com.ar\/wp-content\/uploads\/2024\/01\/equipo.jpg 526w, https:\/\/cetei.com.ar\/wp-content\/uploads\/2024\/01\/equipo-300x300.jpg 300w, https:\/\/cetei.com.ar\/wp-content\/uploads\/2024\/01\/equipo-150x150.jpg 150w, https:\/\/cetei.com.ar\/wp-content\/uploads\/2024\/01\/equipo-100x100.jpg 100w\" sizes=\"auto, (max-width: 526px) 100vw, 526px\" \/><\/figure>\n","protected":false},"excerpt":{"rendered":"<p>Director: Mgter. Ernesto Lentini. Vicedirectora: Lic. M. Lorena Cifre Carrillo. Control M\u00e9dico: Dra. Fiorella Malagrino. Trabajo Social: Lic Sabrina Moritto. Psicolog\u00eda: Lic. M. Lorena Cifre Carrillo. Musicoterapia: Lic. Valentina Mart\u00ednez Bonfill Terapia Ocupacional: T.O. Jacqueline Doucet. Educ. F\u00edsica: Prof. Didier Rojas. Nutrici\u00f3n: Lic. Eugenia Sa\u00fal. Taller de Pl\u00e1stica: Prof. Jorge Argento. Taller de Teatro: Lic. &hellip; <\/p>\n<p class=\"link-more\"><a href=\"https:\/\/cetei.com.ar\/?page_id=177\" class=\"more-link\">Continuar leyendo<span class=\"screen-reader-text\"> \u00abEquipo\u00bb<\/span><\/a><\/p>\n","protected":false},"author":1,"featured_media":0,"parent":0,"menu_order":0,"comment_status":"closed","ping_status":"closed","template":"","meta":{"footnotes":""},"class_list":["post-177","page","type-page","status-publish","hentry"],"_links":{"self":[{"href":"https:\/\/cetei.com.ar\/index.php?rest_route=\/wp\/v2\/pages\/177","targetHints":{"allow":["GET"]}}],"collection":[{"href":"https:\/\/cetei.com.ar\/index.php?rest_route=\/wp\/v2\/pages"}],"about":[{"href":"https:\/\/cetei.com.ar\/index.php?rest_route=\/wp\/v2\/types\/page"}],"author":[{"embeddable":true,"href":"https:\/\/cetei.com.ar\/index.php?rest_route=\/wp\/v2\/users\/1"}],"replies":[{"embeddable":true,"href":"https:\/\/cetei.com.ar\/index.php?rest_route=%2Fwp%2Fv2%2Fcomments&post=177"}],"version-history":[{"count":8,"href":"https:\/\/cetei.com.ar\/index.php?rest_route=\/wp\/v2\/pages\/177\/revisions"}],"predecessor-version":[{"id":539,"href":"https:\/\/cetei.com.ar\/index.php?rest_route=\/wp\/v2\/pages\/177\/revisions\/539"}],"wp:attachment":[{"href":"https:\/\/cetei.com.ar\/index.php?rest_route=%2Fwp%2Fv2%2Fmedia&parent=177"}],"curies":[{"name":"wp","href":"https:\/\/api.w.org\/{rel}","templated":true}]}}