{"id":183,"date":"2023-05-21T23:08:22","date_gmt":"2023-05-21T23:08:22","guid":{"rendered":"https:\/\/cetei.com.ar\/?page_id=183"},"modified":"2023-05-23T12:34:57","modified_gmt":"2023-05-23T15:34:57","slug":"objetivos-especificos","status":"publish","type":"page","link":"https:\/\/cetei.com.ar\/?page_id=183","title":{"rendered":"Objetivos Espec\u00edficos"},"content":{"rendered":"\n<p><strong>Objetivos espec\u00edficos<\/strong><br>Se orientan a generar, consolidar y potencializar el proceso de estructuraci\u00f3n subjetiva y<br>de inserci\u00f3n social de cada concurrente. <\/p>\n\n\n\n<p>Dichos objetivos son los siguientes:<\/p>\n\n\n\n<ul class=\"wp-block-list\">\n<li>Promover un desplazamiento en la posici\u00f3n del concurrente, de su condici\u00f3n de \u201cobjeto de cuidados\u201d (lugar en el que habitualmente es ubicado) hacia una posici\u00f3n que lo reconozca como sujeto de deseos y de motivaciones, como punto de partida de una construcci\u00f3n identitaria activa y desligada de los condicionantes que lo alienan en relaci\u00f3n con sus imposibilidades o limitaciones;<\/li>\n\n\n\n<li>Propiciar el reconocimiento y el ejercicio de derechos por parte de las personas con discapacidad, as\u00ed como la responsabilizaci\u00f3n subjetiva que coadyuve a materializarlos;<\/li>\n\n\n\n<li>Impulsar la adquisici\u00f3n y consolidaci\u00f3n del mayor grado posible de independencia personal en cada concurrente, tanto en relaci\u00f3n con el dispositivo institucional como en el \u00e1mbito familiar y social;<\/li>\n\n\n\n<li>Delinear un plan de tratamiento personalizado, a trav\u00e9s del cual las diferentes estrategias implementadas se definan por su adecuaci\u00f3n con un programa terap\u00e9utico establecido desde el ingreso del concurrente, y peri\u00f3dicamente reformulado, sobre el cual confluyan modalidades de atenci\u00f3n individuales y grupales;<\/li>\n\n\n\n<li>Desarrollar un conjunto de actividades desde un encuadre preocupacional, en contextos y espacios de participaci\u00f3n compartidos con otros, como instancia de promoci\u00f3n de situaciones de intercambio y como \u00e1mbito de estimulaci\u00f3n para la creatividad de cada concurrente;<\/li>\n\n\n\n<li>Estimular el m\u00e1ximo desarrollo posible de las capacidades intelectuales y potencialidades vinculares de cada concurrente, a trav\u00e9s de su inclusi\u00f3n en diferentes pr\u00e1cticas y actividades preocupacionales, expresivas, terap\u00e9uticas y recreativas;<\/li>\n\n\n\n<li>Establecer un marco de trabajo con familiares, mediante el cual los referentes afectivos de cada concurrente puedan acceder a una instancia de participaci\u00f3n y compromiso con el programa terap\u00e9utico implementado en cada caso, y donde se promueva un espacio de reflexi\u00f3n acerca de la sintomatolog\u00eda que se consolida alrededor de la impronta que produce la discapacidad intelectual en la convivencia cotidiana, a la vez que se impulsen las condiciones para su problematizaci\u00f3n y su modificaci\u00f3n;<\/li>\n\n\n\n<li>Generar procesos de socializaci\u00f3n y de inserci\u00f3n comunitaria de los concurrentes, a trav\u00e9s de actividades recreativas y culturales que contemplen la ampliaci\u00f3n de los \u00e1mbitos de participaci\u00f3n; relevando, para ello, los diferentes recursos disponibles en la comunidad.<\/li>\n<\/ul>\n\n\n\n<p><\/p>\n","protected":false},"excerpt":{"rendered":"<p>Objetivos espec\u00edficosSe orientan a generar, consolidar y potencializar el proceso de estructuraci\u00f3n subjetiva yde inserci\u00f3n social de cada concurrente. Dichos objetivos son los siguientes:<\/p>\n","protected":false},"author":1,"featured_media":0,"parent":0,"menu_order":0,"comment_status":"closed","ping_status":"closed","template":"","meta":{"footnotes":""},"class_list":["post-183","page","type-page","status-publish","hentry"],"_links":{"self":[{"href":"https:\/\/cetei.com.ar\/index.php?rest_route=\/wp\/v2\/pages\/183","targetHints":{"allow":["GET"]}}],"collection":[{"href":"https:\/\/cetei.com.ar\/index.php?rest_route=\/wp\/v2\/pages"}],"about":[{"href":"https:\/\/cetei.com.ar\/index.php?rest_route=\/wp\/v2\/types\/page"}],"author":[{"embeddable":true,"href":"https:\/\/cetei.com.ar\/index.php?rest_route=\/wp\/v2\/users\/1"}],"replies":[{"embeddable":true,"href":"https:\/\/cetei.com.ar\/index.php?rest_route=%2Fwp%2Fv2%2Fcomments&post=183"}],"version-history":[{"count":4,"href":"https:\/\/cetei.com.ar\/index.php?rest_route=\/wp\/v2\/pages\/183\/revisions"}],"predecessor-version":[{"id":382,"href":"https:\/\/cetei.com.ar\/index.php?rest_route=\/wp\/v2\/pages\/183\/revisions\/382"}],"wp:attachment":[{"href":"https:\/\/cetei.com.ar\/index.php?rest_route=%2Fwp%2Fv2%2Fmedia&parent=183"}],"curies":[{"name":"wp","href":"https:\/\/api.w.org\/{rel}","templated":true}]}}