{"id":194,"date":"2023-05-21T23:08:25","date_gmt":"2023-05-21T23:08:25","guid":{"rendered":"https:\/\/cetei.com.ar\/?page_id=194"},"modified":"2023-05-24T10:15:50","modified_gmt":"2023-05-24T13:15:50","slug":"nutricion","status":"publish","type":"page","link":"https:\/\/cetei.com.ar\/?page_id=194","title":{"rendered":"Nutrici\u00f3n"},"content":{"rendered":"<div class=\"wp-block-image\">\n<figure class=\"alignleft size-full is-resized\"><img loading=\"lazy\" decoding=\"async\" src=\"https:\/\/cetei.com.ar\/wp-content\/uploads\/2023\/05\/FB_IMG_1607426462285.jpg\" alt=\"\" class=\"wp-image-80\" width=\"151\" height=\"198\" srcset=\"https:\/\/cetei.com.ar\/wp-content\/uploads\/2023\/05\/FB_IMG_1607426462285.jpg 480w, https:\/\/cetei.com.ar\/wp-content\/uploads\/2023\/05\/FB_IMG_1607426462285-229x300.jpg 229w\" sizes=\"auto, (max-width: 151px) 100vw, 151px\" \/><\/figure><\/div>\n\n\n<p>El area de nutrici\u00f3n se dirige a implementar un esquema nutricional<br>destinado a las personas con discapacidad que asisten al Centro de<br>D\u00eda Cetei, y se dirige a promover y afianzar la relaci\u00f3n entre las<br>pautas de alimentaci\u00f3n y las tareas de cuidado, prevenci\u00f3n y<br>promoci\u00f3n de la salud.<\/p>\n\n\n\n<p><\/p>\n","protected":false},"excerpt":{"rendered":"<p>El area de nutrici\u00f3n se dirige a implementar un esquema nutricionaldestinado a las personas con discapacidad que asisten al Centro deD\u00eda Cetei, y se dirige a promover y afianzar la relaci\u00f3n entre laspautas de alimentaci\u00f3n y las tareas de cuidado, prevenci\u00f3n ypromoci\u00f3n de la salud.<\/p>\n","protected":false},"author":1,"featured_media":0,"parent":0,"menu_order":0,"comment_status":"closed","ping_status":"closed","template":"","meta":{"footnotes":""},"class_list":["post-194","page","type-page","status-publish","hentry"],"_links":{"self":[{"href":"https:\/\/cetei.com.ar\/index.php?rest_route=\/wp\/v2\/pages\/194","targetHints":{"allow":["GET"]}}],"collection":[{"href":"https:\/\/cetei.com.ar\/index.php?rest_route=\/wp\/v2\/pages"}],"about":[{"href":"https:\/\/cetei.com.ar\/index.php?rest_route=\/wp\/v2\/types\/page"}],"author":[{"embeddable":true,"href":"https:\/\/cetei.com.ar\/index.php?rest_route=\/wp\/v2\/users\/1"}],"replies":[{"embeddable":true,"href":"https:\/\/cetei.com.ar\/index.php?rest_route=%2Fwp%2Fv2%2Fcomments&post=194"}],"version-history":[{"count":3,"href":"https:\/\/cetei.com.ar\/index.php?rest_route=\/wp\/v2\/pages\/194\/revisions"}],"predecessor-version":[{"id":432,"href":"https:\/\/cetei.com.ar\/index.php?rest_route=\/wp\/v2\/pages\/194\/revisions\/432"}],"wp:attachment":[{"href":"https:\/\/cetei.com.ar\/index.php?rest_route=%2Fwp%2Fv2%2Fmedia&parent=194"}],"curies":[{"name":"wp","href":"https:\/\/api.w.org\/{rel}","templated":true}]}}