{"id":277,"date":"2023-05-21T23:34:01","date_gmt":"2023-05-21T23:34:01","guid":{"rendered":"https:\/\/cetei.com.ar\/?page_id=277"},"modified":"2023-05-24T10:08:24","modified_gmt":"2023-05-24T13:08:24","slug":"control-medico","status":"publish","type":"page","link":"https:\/\/cetei.com.ar\/?page_id=277","title":{"rendered":"Control m\u00e9dico"},"content":{"rendered":"\n<p>El \u00e1rea m\u00e9dica busca promover en cada uno de los concurrentes del Centro de D\u00eda la construcci\u00f3n de una relaci\u00f3n con su salud basada en su propia participaci\u00f3n (as\u00ed como la de su grupo familiar), como requisito indispensable para la implementaci\u00f3n de las medidas de cuidado, prevenci\u00f3n y promoci\u00f3n de condiciones salug\u00e9nicas que favorezcan el enriquecimiento de su calidad de vida.<\/p>\n\n\n\n<p>Tanto desde la continuidad de cuidados por  el virus SARS-CoV-2, como otros cuadros virales estacionales. se trabaja en una constante promoci\u00f3n de la salud; y, especialmente, en la concientizaci\u00f3n, prevenci\u00f3n y cuidados individuales y sociales, promoviendo y acompa\u00f1ando en el completamiento del calendario de vacunas, controles y chequeos m\u00e9dicos de rutina. <\/p>\n\n\n\n<figure class=\"wp-block-gallery has-nested-images columns-default is-cropped wp-block-gallery-1 is-layout-flex wp-block-gallery-is-layout-flex\">\n<figure class=\"wp-block-image size-large\"><img loading=\"lazy\" decoding=\"async\" width=\"1024\" height=\"716\" data-id=\"428\" src=\"https:\/\/cetei.com.ar\/wp-content\/uploads\/2023\/05\/calendario-de-vacunacion-1024x716.webp\" alt=\"\" class=\"wp-image-428\" srcset=\"https:\/\/cetei.com.ar\/wp-content\/uploads\/2023\/05\/calendario-de-vacunacion-1024x716.webp 1024w, https:\/\/cetei.com.ar\/wp-content\/uploads\/2023\/05\/calendario-de-vacunacion-300x210.webp 300w, https:\/\/cetei.com.ar\/wp-content\/uploads\/2023\/05\/calendario-de-vacunacion-768x537.webp 768w, https:\/\/cetei.com.ar\/wp-content\/uploads\/2023\/05\/calendario-de-vacunacion-1536x1074.webp 1536w, https:\/\/cetei.com.ar\/wp-content\/uploads\/2023\/05\/calendario-de-vacunacion.webp 1600w\" sizes=\"auto, (max-width: 767px) 89vw, (max-width: 1000px) 54vw, (max-width: 1071px) 543px, 580px\" \/><\/figure>\n<\/figure>\n\n\n\n<p><\/p>\n","protected":false},"excerpt":{"rendered":"<p>El \u00e1rea m\u00e9dica busca promover en cada uno de los concurrentes del Centro de D\u00eda la construcci\u00f3n de una relaci\u00f3n con su salud basada en su propia participaci\u00f3n (as\u00ed como la de su grupo familiar), como requisito indispensable para la implementaci\u00f3n de las medidas de cuidado, prevenci\u00f3n y promoci\u00f3n de condiciones salug\u00e9nicas que favorezcan el &hellip; <\/p>\n<p class=\"link-more\"><a href=\"https:\/\/cetei.com.ar\/?page_id=277\" class=\"more-link\">Continuar leyendo<span class=\"screen-reader-text\"> \u00abControl m\u00e9dico\u00bb<\/span><\/a><\/p>\n","protected":false},"author":1,"featured_media":0,"parent":0,"menu_order":0,"comment_status":"closed","ping_status":"closed","template":"","meta":{"footnotes":""},"class_list":["post-277","page","type-page","status-publish","hentry"],"_links":{"self":[{"href":"https:\/\/cetei.com.ar\/index.php?rest_route=\/wp\/v2\/pages\/277","targetHints":{"allow":["GET"]}}],"collection":[{"href":"https:\/\/cetei.com.ar\/index.php?rest_route=\/wp\/v2\/pages"}],"about":[{"href":"https:\/\/cetei.com.ar\/index.php?rest_route=\/wp\/v2\/types\/page"}],"author":[{"embeddable":true,"href":"https:\/\/cetei.com.ar\/index.php?rest_route=\/wp\/v2\/users\/1"}],"replies":[{"embeddable":true,"href":"https:\/\/cetei.com.ar\/index.php?rest_route=%2Fwp%2Fv2%2Fcomments&post=277"}],"version-history":[{"count":2,"href":"https:\/\/cetei.com.ar\/index.php?rest_route=\/wp\/v2\/pages\/277\/revisions"}],"predecessor-version":[{"id":430,"href":"https:\/\/cetei.com.ar\/index.php?rest_route=\/wp\/v2\/pages\/277\/revisions\/430"}],"wp:attachment":[{"href":"https:\/\/cetei.com.ar\/index.php?rest_route=%2Fwp%2Fv2%2Fmedia&parent=277"}],"curies":[{"name":"wp","href":"https:\/\/api.w.org\/{rel}","templated":true}]}}