{"id":330,"date":"2023-05-22T02:26:31","date_gmt":"2023-05-22T02:26:31","guid":{"rendered":"https:\/\/cetei.com.ar\/?page_id=330"},"modified":"2023-05-24T14:18:12","modified_gmt":"2023-05-24T17:18:12","slug":"taller-de-plastica","status":"publish","type":"page","link":"https:\/\/cetei.com.ar\/?page_id=330","title":{"rendered":"Taller de Pl\u00e1stica"},"content":{"rendered":"\n<p>El espacio del taller de Artes Pl\u00e1sticas propone la realizaci\u00f3n de actividades art\u00edsticas a partir de los lenguajes propios de las artes pl\u00e1sticas, como\u00a0dibujo, pintura (en sus diferentes variables), escultura y grabado.<br>En l\u00ednea con esta propuesta, el taller apunta a incrementar el caudal posible de<br>los recursos creativos y expresivos de los participantes y la posibilidad de<br>propiciar el armado\u00a0y realizaci\u00f3n de proyectos inherentes a la pr\u00e1ctica. <\/p>\n\n\n\n<div class=\"wp-block-columns is-layout-flex wp-container-core-columns-is-layout-9d6595d7 wp-block-columns-is-layout-flex\">\n<div class=\"wp-block-column is-layout-flow wp-block-column-is-layout-flow\">\n<figure class=\"wp-block-image size-large is-resized\"><img loading=\"lazy\" decoding=\"async\" src=\"https:\/\/cetei.com.ar\/wp-content\/uploads\/2023\/05\/PhotoCollage_20210826_213529068-1-1024x1024.jpg\" alt=\"\" class=\"wp-image-86\" width=\"226\" height=\"226\" srcset=\"https:\/\/cetei.com.ar\/wp-content\/uploads\/2023\/05\/PhotoCollage_20210826_213529068-1-1024x1024.jpg 1024w, https:\/\/cetei.com.ar\/wp-content\/uploads\/2023\/05\/PhotoCollage_20210826_213529068-1-300x300.jpg 300w, https:\/\/cetei.com.ar\/wp-content\/uploads\/2023\/05\/PhotoCollage_20210826_213529068-1-150x150.jpg 150w, https:\/\/cetei.com.ar\/wp-content\/uploads\/2023\/05\/PhotoCollage_20210826_213529068-1-768x768.jpg 768w, https:\/\/cetei.com.ar\/wp-content\/uploads\/2023\/05\/PhotoCollage_20210826_213529068-1-1536x1536.jpg 1536w, https:\/\/cetei.com.ar\/wp-content\/uploads\/2023\/05\/PhotoCollage_20210826_213529068-1.jpg 1920w\" sizes=\"auto, (max-width: 226px) 100vw, 226px\" \/><\/figure>\n<\/div>\n\n\n\n<div class=\"wp-block-column is-layout-flow wp-block-column-is-layout-flow\">\n<figure class=\"wp-block-image size-large is-resized\"><img loading=\"lazy\" decoding=\"async\" src=\"https:\/\/cetei.com.ar\/wp-content\/uploads\/2023\/05\/IMG-20220128-WA0009-1024x1004.jpg\" alt=\"\" class=\"wp-image-31\" width=\"230\" height=\"225\" srcset=\"https:\/\/cetei.com.ar\/wp-content\/uploads\/2023\/05\/IMG-20220128-WA0009-1024x1004.jpg 1024w, https:\/\/cetei.com.ar\/wp-content\/uploads\/2023\/05\/IMG-20220128-WA0009-300x294.jpg 300w, https:\/\/cetei.com.ar\/wp-content\/uploads\/2023\/05\/IMG-20220128-WA0009-768x753.jpg 768w, https:\/\/cetei.com.ar\/wp-content\/uploads\/2023\/05\/IMG-20220128-WA0009.jpg 1280w\" sizes=\"auto, (max-width: 230px) 100vw, 230px\" \/><\/figure>\n<\/div>\n\n\n\n<div class=\"wp-block-column is-layout-flow wp-block-column-is-layout-flow\">\n<figure class=\"wp-block-image size-large is-resized\"><img decoding=\"async\" src=\"https:\/\/cetei.com.ar\/wp-content\/uploads\/2023\/05\/IMG_20220506_135532418-edited-1-scaled.jpg\" alt=\"\" class=\"wp-image-473\" width=\"223\" srcset=\"https:\/\/cetei.com.ar\/wp-content\/uploads\/2023\/05\/IMG_20220506_135532418-edited-1-scaled.jpg 2560w, https:\/\/cetei.com.ar\/wp-content\/uploads\/2023\/05\/IMG_20220506_135532418-edited-1-300x300.jpg 300w, https:\/\/cetei.com.ar\/wp-content\/uploads\/2023\/05\/IMG_20220506_135532418-edited-1-1024x1024.jpg 1024w, https:\/\/cetei.com.ar\/wp-content\/uploads\/2023\/05\/IMG_20220506_135532418-edited-1-150x150.jpg 150w, https:\/\/cetei.com.ar\/wp-content\/uploads\/2023\/05\/IMG_20220506_135532418-edited-1-768x768.jpg 768w, https:\/\/cetei.com.ar\/wp-content\/uploads\/2023\/05\/IMG_20220506_135532418-edited-1-1536x1536.jpg 1536w, https:\/\/cetei.com.ar\/wp-content\/uploads\/2023\/05\/IMG_20220506_135532418-edited-1-2048x2048.jpg 2048w, https:\/\/cetei.com.ar\/wp-content\/uploads\/2023\/05\/IMG_20220506_135532418-edited-1-100x100.jpg 100w\" sizes=\"(max-width: 767px) 89vw, (max-width: 1000px) 54vw, (max-width: 1071px) 543px, 580px\" \/><\/figure>\n<\/div>\n<\/div>\n\n\n\n<p>En este sentido, intenta ampliar el repertorio gr\u00e1fico de los integrantes de los grupos a<br>partir de la realizaci\u00f3n de ejercicios que optimicen la observaci\u00f3n y posibiliten el armado de una paleta de color propia, promovida en la experimentaci\u00f3n e investigaci\u00f3n, y favoreciendo la curiosidad personal.<br>Asimismo, y con miras a afianzar los v\u00ednculos interhumanos, el taller propone favorecer y aumentar los recursos expresivos entre los participantes del grupo y hacia el exterior de este, a partir de la incorporaci\u00f3n de t\u00e9cnicas no convencionales, utilizaci\u00f3n de nuevos materiales, herramientas y soportes, que incluyan ejercicios y t\u00e9cnicas visuales novedosas y creativas.<br><\/p>\n\n\n\n<figure class=\"wp-block-image size-large is-resized\"><img loading=\"lazy\" decoding=\"async\" src=\"https:\/\/cetei.com.ar\/wp-content\/uploads\/2023\/05\/IMG-20220215-WA0026-1024x779.jpg\" alt=\"\" class=\"wp-image-32\" width=\"678\" height=\"515\" srcset=\"https:\/\/cetei.com.ar\/wp-content\/uploads\/2023\/05\/IMG-20220215-WA0026-1024x779.jpg 1024w, https:\/\/cetei.com.ar\/wp-content\/uploads\/2023\/05\/IMG-20220215-WA0026-300x228.jpg 300w, https:\/\/cetei.com.ar\/wp-content\/uploads\/2023\/05\/IMG-20220215-WA0026-768x584.jpg 768w, https:\/\/cetei.com.ar\/wp-content\/uploads\/2023\/05\/IMG-20220215-WA0026.jpg 1280w\" sizes=\"auto, (max-width: 678px) 100vw, 678px\" \/><\/figure>\n\n\n\n<p>Construcci\u00f3n mural grupal: Ciudad Inclusiva. <\/p>\n\n\n\n<div class=\"wp-block-columns is-layout-flex wp-container-core-columns-is-layout-9d6595d7 wp-block-columns-is-layout-flex\">\n<div class=\"wp-block-column is-layout-flow wp-block-column-is-layout-flow\"><div class=\"wp-block-image\">\n<figure class=\"alignleft size-full is-resized\"><img loading=\"lazy\" decoding=\"async\" src=\"https:\/\/cetei.com.ar\/wp-content\/uploads\/2023\/05\/expo-en-relieve.jpg\" alt=\"\" class=\"wp-image-16\" width=\"265\" height=\"265\" srcset=\"https:\/\/cetei.com.ar\/wp-content\/uploads\/2023\/05\/expo-en-relieve.jpg 315w, https:\/\/cetei.com.ar\/wp-content\/uploads\/2023\/05\/expo-en-relieve-300x300.jpg 300w, https:\/\/cetei.com.ar\/wp-content\/uploads\/2023\/05\/expo-en-relieve-150x150.jpg 150w\" sizes=\"auto, (max-width: 265px) 100vw, 265px\" \/><\/figure><\/div><\/div>\n\n\n\n<div class=\"wp-block-column is-layout-flow wp-block-column-is-layout-flow\"><div class=\"wp-block-image\">\n<figure class=\"alignright size-large is-resized\"><img loading=\"lazy\" decoding=\"async\" src=\"https:\/\/cetei.com.ar\/wp-content\/uploads\/2023\/05\/IMG-20220127-WA0007-2-1024x768.jpg\" alt=\"\" class=\"wp-image-84\" width=\"353\" height=\"265\" srcset=\"https:\/\/cetei.com.ar\/wp-content\/uploads\/2023\/05\/IMG-20220127-WA0007-2-1024x768.jpg 1024w, https:\/\/cetei.com.ar\/wp-content\/uploads\/2023\/05\/IMG-20220127-WA0007-2-300x225.jpg 300w, https:\/\/cetei.com.ar\/wp-content\/uploads\/2023\/05\/IMG-20220127-WA0007-2-768x576.jpg 768w, https:\/\/cetei.com.ar\/wp-content\/uploads\/2023\/05\/IMG-20220127-WA0007-2-1536x1152.jpg 1536w, https:\/\/cetei.com.ar\/wp-content\/uploads\/2023\/05\/IMG-20220127-WA0007-2.jpg 1600w\" sizes=\"auto, (max-width: 353px) 100vw, 353px\" \/><\/figure><\/div><\/div>\n<\/div>\n\n\n\n<div class=\"wp-block-columns is-layout-flex wp-container-core-columns-is-layout-9d6595d7 wp-block-columns-is-layout-flex\">\n<div class=\"wp-block-column is-layout-flow wp-block-column-is-layout-flow\">\n<p>Exposiciones                                                                        Grabados.<\/p>\n<\/div>\n<\/div>\n\n\n\n<figure class=\"wp-block-image size-large\"><img loading=\"lazy\" decoding=\"async\" width=\"1024\" height=\"288\" src=\"https:\/\/cetei.com.ar\/wp-content\/uploads\/2023\/05\/IMG-20220629-WA0011-1-1024x288.jpg\" alt=\"\" class=\"wp-image-40\" srcset=\"https:\/\/cetei.com.ar\/wp-content\/uploads\/2023\/05\/IMG-20220629-WA0011-1-1024x288.jpg 1024w, https:\/\/cetei.com.ar\/wp-content\/uploads\/2023\/05\/IMG-20220629-WA0011-1-300x84.jpg 300w, https:\/\/cetei.com.ar\/wp-content\/uploads\/2023\/05\/IMG-20220629-WA0011-1-768x216.jpg 768w, https:\/\/cetei.com.ar\/wp-content\/uploads\/2023\/05\/IMG-20220629-WA0011-1.jpg 1280w\" sizes=\"auto, (max-width: 767px) 89vw, (max-width: 1000px) 54vw, (max-width: 1071px) 543px, 580px\" \/><\/figure>\n\n\n\n<p>Esculturas. Ciudad a partir de figuras abstractas, trabajo colaborativo.<\/p>\n\n\n\n<div class=\"wp-block-columns is-layout-flex wp-container-core-columns-is-layout-9d6595d7 wp-block-columns-is-layout-flex\">\n<div class=\"wp-block-column is-layout-flow wp-block-column-is-layout-flow\"><\/div>\n\n\n\n<div class=\"wp-block-column is-layout-flow wp-block-column-is-layout-flow\"><\/div>\n<\/div>\n","protected":false},"excerpt":{"rendered":"<p>El espacio del taller de Artes Pl\u00e1sticas propone la realizaci\u00f3n de actividades art\u00edsticas a partir de los lenguajes propios de las artes pl\u00e1sticas, como\u00a0dibujo, pintura (en sus diferentes variables), escultura y grabado.En l\u00ednea con esta propuesta, el taller apunta a incrementar el caudal posible delos recursos creativos y expresivos de los participantes y la posibilidad &hellip; <\/p>\n<p class=\"link-more\"><a href=\"https:\/\/cetei.com.ar\/?page_id=330\" class=\"more-link\">Continuar leyendo<span class=\"screen-reader-text\"> \u00abTaller de Pl\u00e1stica\u00bb<\/span><\/a><\/p>\n","protected":false},"author":1,"featured_media":0,"parent":0,"menu_order":0,"comment_status":"closed","ping_status":"closed","template":"","meta":{"footnotes":""},"class_list":["post-330","page","type-page","status-publish","hentry"],"_links":{"self":[{"href":"https:\/\/cetei.com.ar\/index.php?rest_route=\/wp\/v2\/pages\/330","targetHints":{"allow":["GET"]}}],"collection":[{"href":"https:\/\/cetei.com.ar\/index.php?rest_route=\/wp\/v2\/pages"}],"about":[{"href":"https:\/\/cetei.com.ar\/index.php?rest_route=\/wp\/v2\/types\/page"}],"author":[{"embeddable":true,"href":"https:\/\/cetei.com.ar\/index.php?rest_route=\/wp\/v2\/users\/1"}],"replies":[{"embeddable":true,"href":"https:\/\/cetei.com.ar\/index.php?rest_route=%2Fwp%2Fv2%2Fcomments&post=330"}],"version-history":[{"count":4,"href":"https:\/\/cetei.com.ar\/index.php?rest_route=\/wp\/v2\/pages\/330\/revisions"}],"predecessor-version":[{"id":474,"href":"https:\/\/cetei.com.ar\/index.php?rest_route=\/wp\/v2\/pages\/330\/revisions\/474"}],"wp:attachment":[{"href":"https:\/\/cetei.com.ar\/index.php?rest_route=%2Fwp%2Fv2%2Fmedia&parent=330"}],"curies":[{"name":"wp","href":"https:\/\/api.w.org\/{rel}","templated":true}]}}