{"id":335,"date":"2023-05-22T02:29:30","date_gmt":"2023-05-22T02:29:30","guid":{"rendered":"https:\/\/cetei.com.ar\/?page_id=335"},"modified":"2023-05-24T14:00:48","modified_gmt":"2023-05-24T17:00:48","slug":"taller-de-teatro","status":"publish","type":"page","link":"https:\/\/cetei.com.ar\/?page_id=335","title":{"rendered":"Taller de Teatro"},"content":{"rendered":"\n<p>El <em>Taller de Teatro <\/em>propone una serie de proyectos y actividades orientadas a que cada concurrente pueda poner de manifiesto su singularidad. Al mismo tiempo, el taller busca afianzar los v\u00ednculos interhumanos, promoviendo un despliegue de los recursos expresivos entre los participantes del grupo y hacia el exterior de este, promoviendo la construcci\u00f3n y fortalecimiento de herramientas para ello, reforzando el lazo social a partir del trabajo grupal y cooperativo. Se trabajar\u00e1 as\u00ed valorando las herramientas expresivas de cada quien, buscando fortalecer las mismas y adquirir nuevas a partir del trabajo compartido, propiciando un espacio donde concurrentes puedan tomar un rol activo a la hora de intervenir en el mundo que los rodea, propiciando la confianza en las propias capacidades para hacerlo.<\/p>\n\n\n\n<div class=\"wp-block-columns is-layout-flex wp-container-core-columns-is-layout-9d6595d7 wp-block-columns-is-layout-flex\">\n<div class=\"wp-block-column is-layout-flow wp-block-column-is-layout-flow\">\n<figure class=\"wp-block-image size-full\"><img loading=\"lazy\" decoding=\"async\" width=\"590\" height=\"590\" src=\"https:\/\/cetei.com.ar\/wp-content\/uploads\/2023\/05\/342483992_908822410406775_508264978670748024_n-edited.jpg\" alt=\"\" class=\"wp-image-460\" srcset=\"https:\/\/cetei.com.ar\/wp-content\/uploads\/2023\/05\/342483992_908822410406775_508264978670748024_n-edited.jpg 590w, https:\/\/cetei.com.ar\/wp-content\/uploads\/2023\/05\/342483992_908822410406775_508264978670748024_n-edited-300x300.jpg 300w, https:\/\/cetei.com.ar\/wp-content\/uploads\/2023\/05\/342483992_908822410406775_508264978670748024_n-edited-150x150.jpg 150w, https:\/\/cetei.com.ar\/wp-content\/uploads\/2023\/05\/342483992_908822410406775_508264978670748024_n-edited-100x100.jpg 100w\" sizes=\"auto, (max-width: 590px) 100vw, 590px\" \/><\/figure>\n<\/div>\n\n\n\n<div class=\"wp-block-column is-layout-flow wp-block-column-is-layout-flow\">\n<figure class=\"wp-block-image size-large\"><img loading=\"lazy\" decoding=\"async\" width=\"590\" height=\"590\" src=\"https:\/\/cetei.com.ar\/wp-content\/uploads\/2023\/05\/342540029_703110745153075_4104736655899163589_n-edited.jpg\" alt=\"\" class=\"wp-image-461\" srcset=\"https:\/\/cetei.com.ar\/wp-content\/uploads\/2023\/05\/342540029_703110745153075_4104736655899163589_n-edited.jpg 590w, https:\/\/cetei.com.ar\/wp-content\/uploads\/2023\/05\/342540029_703110745153075_4104736655899163589_n-edited-300x300.jpg 300w, https:\/\/cetei.com.ar\/wp-content\/uploads\/2023\/05\/342540029_703110745153075_4104736655899163589_n-edited-150x150.jpg 150w, https:\/\/cetei.com.ar\/wp-content\/uploads\/2023\/05\/342540029_703110745153075_4104736655899163589_n-edited-100x100.jpg 100w\" sizes=\"auto, (max-width: 590px) 100vw, 590px\" \/><\/figure>\n<\/div>\n\n\n\n<div class=\"wp-block-column is-layout-flow wp-block-column-is-layout-flow\">\n<figure class=\"wp-block-image size-full\"><img loading=\"lazy\" decoding=\"async\" width=\"300\" height=\"300\" src=\"https:\/\/cetei.com.ar\/wp-content\/uploads\/2023\/05\/348477003_3527599200862423_7313478461185150317_n-edited-1.jpg\" alt=\"\" class=\"wp-image-468\" srcset=\"https:\/\/cetei.com.ar\/wp-content\/uploads\/2023\/05\/348477003_3527599200862423_7313478461185150317_n-edited-1.jpg 300w, https:\/\/cetei.com.ar\/wp-content\/uploads\/2023\/05\/348477003_3527599200862423_7313478461185150317_n-edited-1-150x150.jpg 150w, https:\/\/cetei.com.ar\/wp-content\/uploads\/2023\/05\/348477003_3527599200862423_7313478461185150317_n-edited-1-100x100.jpg 100w\" sizes=\"auto, (max-width: 300px) 100vw, 300px\" \/><\/figure>\n<\/div>\n<\/div>\n\n\n\n<p>Se cree que la potencia del taller reside en que las habilidades que en este se desplieguen se pueden volver herramientas operativas tanto dentro como fuera del centro de d\u00eda, enriqueciendo la participaci\u00f3n de los concurrentes en los diversos espacios que habitan. Se parte de considerar a las herramientas teatrales como una forma de representaci\u00f3n que, utilizando el cuerpo, la voz, el espacio y el tiempo, permite expresar y comunicar ideas, sentimientos y vivencias singulares y grupales. <\/p>\n\n\n\n<p>Las t\u00e9cnicas dram\u00e1ticas aparecen como una oportunidad de realizar actividades creativas y potenciar la espontaneidad en un <em>\u201ccomo s\u00ed\u201d<\/em> simb\u00f3lico. Se busca que la asunci\u00f3n de nuevos roles en un espacio de juego \u2013 entendiendo al juego como pr\u00e1ctica significante y en su potencia para la constituci\u00f3n subjetiva y como acto fundamental en el v\u00ednculo con el otro &#8211; permita un acercamiento diferente a situaciones cotidianas, brindando un abanico de posibles respuestas frente a ellas a partir de explorar la realidad ensayando otros modos de ser posibles y, as\u00ed, colaborar con el entramado, la reestructuraci\u00f3n y la producci\u00f3n de subjetividades. La escena brinda la posibilidad de expresi\u00f3n y liberaci\u00f3n de afectos y su comprensi\u00f3n a trav\u00e9s de la producci\u00f3n creativa y del intercambio grupal acerca de lo que all\u00ed ha acontecido.<\/p>\n\n\n\n<figure class=\"wp-block-image size-large\"><img loading=\"lazy\" decoding=\"async\" width=\"1024\" height=\"700\" src=\"https:\/\/cetei.com.ar\/wp-content\/uploads\/2023\/05\/Screenshot_20230524-135022-1024x700.jpg\" alt=\"\" class=\"wp-image-464\" srcset=\"https:\/\/cetei.com.ar\/wp-content\/uploads\/2023\/05\/Screenshot_20230524-135022-1024x700.jpg 1024w, https:\/\/cetei.com.ar\/wp-content\/uploads\/2023\/05\/Screenshot_20230524-135022-300x205.jpg 300w, https:\/\/cetei.com.ar\/wp-content\/uploads\/2023\/05\/Screenshot_20230524-135022-768x525.jpg 768w, https:\/\/cetei.com.ar\/wp-content\/uploads\/2023\/05\/Screenshot_20230524-135022.jpg 1080w\" sizes=\"auto, (max-width: 767px) 89vw, (max-width: 1000px) 54vw, (max-width: 1071px) 543px, 580px\" \/><\/figure>\n\n\n\n<p>El posicionamiento ser\u00e1 desde una perspectiva que impulsa a que cada concurrente pueda elegir y crear de forma singular, tanto en las producciones individuales como grupales. <\/p>\n\n\n\n<p><\/p>\n\n\n\n<p><\/p>\n\n\n\n<p><\/p>\n\n\n\n<p><\/p>\n","protected":false},"excerpt":{"rendered":"<p>El Taller de Teatro propone una serie de proyectos y actividades orientadas a que cada concurrente pueda poner de manifiesto su singularidad. Al mismo tiempo, el taller busca afianzar los v\u00ednculos interhumanos, promoviendo un despliegue de los recursos expresivos entre los participantes del grupo y hacia el exterior de este, promoviendo la construcci\u00f3n y fortalecimiento &hellip; <\/p>\n<p class=\"link-more\"><a href=\"https:\/\/cetei.com.ar\/?page_id=335\" class=\"more-link\">Continuar leyendo<span class=\"screen-reader-text\"> \u00abTaller de Teatro\u00bb<\/span><\/a><\/p>\n","protected":false},"author":1,"featured_media":0,"parent":0,"menu_order":0,"comment_status":"closed","ping_status":"closed","template":"","meta":{"footnotes":""},"class_list":["post-335","page","type-page","status-publish","hentry"],"_links":{"self":[{"href":"https:\/\/cetei.com.ar\/index.php?rest_route=\/wp\/v2\/pages\/335","targetHints":{"allow":["GET"]}}],"collection":[{"href":"https:\/\/cetei.com.ar\/index.php?rest_route=\/wp\/v2\/pages"}],"about":[{"href":"https:\/\/cetei.com.ar\/index.php?rest_route=\/wp\/v2\/types\/page"}],"author":[{"embeddable":true,"href":"https:\/\/cetei.com.ar\/index.php?rest_route=\/wp\/v2\/users\/1"}],"replies":[{"embeddable":true,"href":"https:\/\/cetei.com.ar\/index.php?rest_route=%2Fwp%2Fv2%2Fcomments&post=335"}],"version-history":[{"count":4,"href":"https:\/\/cetei.com.ar\/index.php?rest_route=\/wp\/v2\/pages\/335\/revisions"}],"predecessor-version":[{"id":469,"href":"https:\/\/cetei.com.ar\/index.php?rest_route=\/wp\/v2\/pages\/335\/revisions\/469"}],"wp:attachment":[{"href":"https:\/\/cetei.com.ar\/index.php?rest_route=%2Fwp%2Fv2%2Fmedia&parent=335"}],"curies":[{"name":"wp","href":"https:\/\/api.w.org\/{rel}","templated":true}]}}