{"id":338,"date":"2023-05-22T02:29:52","date_gmt":"2023-05-22T02:29:52","guid":{"rendered":"https:\/\/cetei.com.ar\/?page_id=338"},"modified":"2024-01-15T14:03:21","modified_gmt":"2024-01-15T17:03:21","slug":"taller-de-accion-comunitaria","status":"publish","type":"page","link":"https:\/\/cetei.com.ar\/?page_id=338","title":{"rendered":"Taller de Emprendimientos"},"content":{"rendered":"\n<p>En este taller se abordan diferentes emprendimientos relativos a los intereses de cada grupo, potenciando la b\u00fasqueda de un perfil laboral, que les permita apropiarse de recursos y procedimientos con los que logren sentirse en confianza y con autonom\u00eda para su realizaci\u00f3n y desempe\u00f1o. <\/p>\n\n\n\n<p>As\u00ed se trabajan por ejemplo los proyectos de Taller de Cocina y Taller de Carpinter\u00eda.<\/p>\n\n\n\n<p><\/p>\n\n\n\n<div class=\"wp-block-columns is-layout-flex wp-container-core-columns-is-layout-9d6595d7 wp-block-columns-is-layout-flex\">\n<div class=\"wp-block-column is-layout-flow wp-block-column-is-layout-flow\">\n<figure class=\"wp-block-image size-full\"><img loading=\"lazy\" decoding=\"async\" width=\"768\" height=\"768\" src=\"https:\/\/cetei.com.ar\/wp-content\/uploads\/2024\/01\/Taller-de-emprendimientos-edited.jpg\" alt=\"\" class=\"wp-image-511\" srcset=\"https:\/\/cetei.com.ar\/wp-content\/uploads\/2024\/01\/Taller-de-emprendimientos-edited.jpg 768w, https:\/\/cetei.com.ar\/wp-content\/uploads\/2024\/01\/Taller-de-emprendimientos-edited-300x300.jpg 300w, https:\/\/cetei.com.ar\/wp-content\/uploads\/2024\/01\/Taller-de-emprendimientos-edited-150x150.jpg 150w, https:\/\/cetei.com.ar\/wp-content\/uploads\/2024\/01\/Taller-de-emprendimientos-edited-100x100.jpg 100w\" sizes=\"auto, (max-width: 767px) 89vw, (max-width: 1000px) 54vw, (max-width: 1071px) 543px, 580px\" \/><\/figure>\n<\/div>\n\n\n\n<div class=\"wp-block-column is-layout-flow wp-block-column-is-layout-flow\">\n<figure class=\"wp-block-image size-full\"><img loading=\"lazy\" decoding=\"async\" width=\"720\" height=\"720\" src=\"https:\/\/cetei.com.ar\/wp-content\/uploads\/2024\/01\/especiero-edited.jpg\" alt=\"\" class=\"wp-image-512\" srcset=\"https:\/\/cetei.com.ar\/wp-content\/uploads\/2024\/01\/especiero-edited.jpg 720w, https:\/\/cetei.com.ar\/wp-content\/uploads\/2024\/01\/especiero-edited-300x300.jpg 300w, https:\/\/cetei.com.ar\/wp-content\/uploads\/2024\/01\/especiero-edited-150x150.jpg 150w, https:\/\/cetei.com.ar\/wp-content\/uploads\/2024\/01\/especiero-edited-100x100.jpg 100w\" sizes=\"auto, (max-width: 720px) 100vw, 720px\" \/><\/figure>\n<\/div>\n<\/div>\n\n\n\n<div class=\"wp-block-columns is-layout-flex wp-container-core-columns-is-layout-9d6595d7 wp-block-columns-is-layout-flex\">\n<div class=\"wp-block-column is-layout-flow wp-block-column-is-layout-flow\">\n<figure class=\"wp-block-image size-full\"><img loading=\"lazy\" decoding=\"async\" width=\"720\" height=\"720\" src=\"https:\/\/cetei.com.ar\/wp-content\/uploads\/2024\/01\/cocina-edited.jpg\" alt=\"\" class=\"wp-image-515\" srcset=\"https:\/\/cetei.com.ar\/wp-content\/uploads\/2024\/01\/cocina-edited.jpg 720w, https:\/\/cetei.com.ar\/wp-content\/uploads\/2024\/01\/cocina-edited-300x300.jpg 300w, https:\/\/cetei.com.ar\/wp-content\/uploads\/2024\/01\/cocina-edited-150x150.jpg 150w, https:\/\/cetei.com.ar\/wp-content\/uploads\/2024\/01\/cocina-edited-100x100.jpg 100w\" sizes=\"auto, (max-width: 720px) 100vw, 720px\" \/><\/figure>\n<\/div>\n\n\n\n<div class=\"wp-block-column is-layout-flow wp-block-column-is-layout-flow\">\n<figure class=\"wp-block-image size-full is-resized\"><img decoding=\"async\" src=\"https:\/\/cetei.com.ar\/wp-content\/uploads\/2024\/01\/budines-edited.jpg\" alt=\"\" class=\"wp-image-516\" width=\"323\" srcset=\"https:\/\/cetei.com.ar\/wp-content\/uploads\/2024\/01\/budines-edited.jpg 480w, https:\/\/cetei.com.ar\/wp-content\/uploads\/2024\/01\/budines-edited-300x300.jpg 300w, https:\/\/cetei.com.ar\/wp-content\/uploads\/2024\/01\/budines-edited-150x150.jpg 150w, https:\/\/cetei.com.ar\/wp-content\/uploads\/2024\/01\/budines-edited-100x100.jpg 100w\" sizes=\"(max-width: 480px) 100vw, 480px\" \/><\/figure>\n<\/div>\n<\/div>\n\n\n\n<div class=\"wp-block-columns is-layout-flex wp-container-core-columns-is-layout-9d6595d7 wp-block-columns-is-layout-flex\">\n<div class=\"wp-block-column is-layout-flow wp-block-column-is-layout-flow\">\n<figure class=\"wp-block-image size-full\"><img loading=\"lazy\" decoding=\"async\" width=\"720\" height=\"720\" src=\"https:\/\/cetei.com.ar\/wp-content\/uploads\/2024\/01\/emprendimientos-a-edited.jpg\" alt=\"\" class=\"wp-image-519\" srcset=\"https:\/\/cetei.com.ar\/wp-content\/uploads\/2024\/01\/emprendimientos-a-edited.jpg 720w, https:\/\/cetei.com.ar\/wp-content\/uploads\/2024\/01\/emprendimientos-a-edited-300x300.jpg 300w, https:\/\/cetei.com.ar\/wp-content\/uploads\/2024\/01\/emprendimientos-a-edited-150x150.jpg 150w, https:\/\/cetei.com.ar\/wp-content\/uploads\/2024\/01\/emprendimientos-a-edited-100x100.jpg 100w\" sizes=\"auto, (max-width: 720px) 100vw, 720px\" \/><\/figure>\n<\/div>\n\n\n\n<div class=\"wp-block-column is-layout-flow wp-block-column-is-layout-flow\"><\/div>\n<\/div>\n","protected":false},"excerpt":{"rendered":"<p>En este taller se abordan diferentes emprendimientos relativos a los intereses de cada grupo, potenciando la b\u00fasqueda de un perfil laboral, que les permita apropiarse de recursos y procedimientos con los que logren sentirse en confianza y con autonom\u00eda para su realizaci\u00f3n y desempe\u00f1o. As\u00ed se trabajan por ejemplo los proyectos de Taller de Cocina &hellip; <\/p>\n<p class=\"link-more\"><a href=\"https:\/\/cetei.com.ar\/?page_id=338\" class=\"more-link\">Continuar leyendo<span class=\"screen-reader-text\"> \u00abTaller de Emprendimientos\u00bb<\/span><\/a><\/p>\n","protected":false},"author":1,"featured_media":0,"parent":0,"menu_order":0,"comment_status":"closed","ping_status":"closed","template":"","meta":{"footnotes":""},"class_list":["post-338","page","type-page","status-publish","hentry"],"_links":{"self":[{"href":"https:\/\/cetei.com.ar\/index.php?rest_route=\/wp\/v2\/pages\/338","targetHints":{"allow":["GET"]}}],"collection":[{"href":"https:\/\/cetei.com.ar\/index.php?rest_route=\/wp\/v2\/pages"}],"about":[{"href":"https:\/\/cetei.com.ar\/index.php?rest_route=\/wp\/v2\/types\/page"}],"author":[{"embeddable":true,"href":"https:\/\/cetei.com.ar\/index.php?rest_route=\/wp\/v2\/users\/1"}],"replies":[{"embeddable":true,"href":"https:\/\/cetei.com.ar\/index.php?rest_route=%2Fwp%2Fv2%2Fcomments&post=338"}],"version-history":[{"count":4,"href":"https:\/\/cetei.com.ar\/index.php?rest_route=\/wp\/v2\/pages\/338\/revisions"}],"predecessor-version":[{"id":520,"href":"https:\/\/cetei.com.ar\/index.php?rest_route=\/wp\/v2\/pages\/338\/revisions\/520"}],"wp:attachment":[{"href":"https:\/\/cetei.com.ar\/index.php?rest_route=%2Fwp%2Fv2%2Fmedia&parent=338"}],"curies":[{"name":"wp","href":"https:\/\/api.w.org\/{rel}","templated":true}]}}