{"id":440,"date":"2023-05-24T10:58:31","date_gmt":"2023-05-24T13:58:31","guid":{"rendered":"https:\/\/cetei.com.ar\/?page_id=440"},"modified":"2023-05-24T10:58:31","modified_gmt":"2023-05-24T13:58:31","slug":"trabajo-social","status":"publish","type":"page","link":"https:\/\/cetei.com.ar\/?page_id=440","title":{"rendered":"Trabajo Social"},"content":{"rendered":"\n<p>El area de Trabajo Social acompa\u00f1a individual, familiar  y colectivamente a los concurrentes del Centro para poder ejercer sus derechos, promoviendo una mejora en la calidad de vida y en los espacios de intercambio y socializaci\u00f3n.<\/p>\n\n\n\n<figure class=\"wp-block-image size-full is-resized\"><img loading=\"lazy\" decoding=\"async\" src=\"https:\/\/cetei.com.ar\/wp-content\/uploads\/2023\/05\/descarga-1.jpg\" alt=\"\" class=\"wp-image-441\" width=\"675\" height=\"378\"\/><\/figure>\n\n\n\n<p>Para ello orienta y aseosra sobre tem\u00e1ticas relacionadas con la justicia, obras sociales u otros temas pertinentes a las problem\u00e1ticas sociales de la din\u00e1mica familiar. Por otra parte, releva y acompa\u00f1a en el armado de redes institucionales con la comunidad que permita establecer vinculos y consolidar recursos comunitarios.  <\/p>\n","protected":false},"excerpt":{"rendered":"<p>El area de Trabajo Social acompa\u00f1a individual, familiar y colectivamente a los concurrentes del Centro para poder ejercer sus derechos, promoviendo una mejora en la calidad de vida y en los espacios de intercambio y socializaci\u00f3n. Para ello orienta y aseosra sobre tem\u00e1ticas relacionadas con la justicia, obras sociales u otros temas pertinentes a las &hellip; <\/p>\n<p class=\"link-more\"><a href=\"https:\/\/cetei.com.ar\/?page_id=440\" class=\"more-link\">Continuar leyendo<span class=\"screen-reader-text\"> \u00abTrabajo Social\u00bb<\/span><\/a><\/p>\n","protected":false},"author":2,"featured_media":0,"parent":0,"menu_order":0,"comment_status":"closed","ping_status":"closed","template":"","meta":{"footnotes":""},"class_list":["post-440","page","type-page","status-publish","hentry"],"_links":{"self":[{"href":"https:\/\/cetei.com.ar\/index.php?rest_route=\/wp\/v2\/pages\/440","targetHints":{"allow":["GET"]}}],"collection":[{"href":"https:\/\/cetei.com.ar\/index.php?rest_route=\/wp\/v2\/pages"}],"about":[{"href":"https:\/\/cetei.com.ar\/index.php?rest_route=\/wp\/v2\/types\/page"}],"author":[{"embeddable":true,"href":"https:\/\/cetei.com.ar\/index.php?rest_route=\/wp\/v2\/users\/2"}],"replies":[{"embeddable":true,"href":"https:\/\/cetei.com.ar\/index.php?rest_route=%2Fwp%2Fv2%2Fcomments&post=440"}],"version-history":[{"count":1,"href":"https:\/\/cetei.com.ar\/index.php?rest_route=\/wp\/v2\/pages\/440\/revisions"}],"predecessor-version":[{"id":444,"href":"https:\/\/cetei.com.ar\/index.php?rest_route=\/wp\/v2\/pages\/440\/revisions\/444"}],"wp:attachment":[{"href":"https:\/\/cetei.com.ar\/index.php?rest_route=%2Fwp%2Fv2%2Fmedia&parent=440"}],"curies":[{"name":"wp","href":"https:\/\/api.w.org\/{rel}","templated":true}]}}